{"id":85,"date":"2023-09-20T18:21:22","date_gmt":"2023-09-20T18:21:22","guid":{"rendered":"https:\/\/deusaperez.com\/?page_id=85"},"modified":"2023-09-25T15:05:28","modified_gmt":"2023-09-25T15:05:28","slug":"bio","status":"publish","type":"page","link":"https:\/\/deusaperez.com\/index.php\/bio\/","title":{"rendered":"Bio"},"content":{"rendered":"<p>\u00a1Gracias por venir a leer mi Bio!<\/p>\n<p>Nac\u00ed en Vigo en el a\u00f1o 1991.<\/p>\n<p>En primer lugar estudi\u00e9 Arte Dram\u00e1tico en la ESAD de Galicia (2011 al 2016).<\/p>\n<p>Seguidamente estudi\u00e9 Antropolog\u00eda Social y Cultural en la UNED (2016-2021).<\/p>\n<p>Obtuve el C1 de Ingl\u00e9s en la EOI de Alcorc\u00f3n (t\u00edtulo de junio del 2023).<\/p>\n<p>&nbsp;<\/p>\n<p>Adem\u00e1s de esto he sido profesora de extraescolares en varios colegios y he sido marinero en un barco.<\/p>\n<p>Por ahora mi Bio se queda as\u00ed de escueta, que no me apetece seguir escribiendo, pero quer\u00eda rellenar un poco de info por si alg\u00fan curioso quer\u00eda ver el a\u00f1o de mi nacimiento.<\/p>\n<p>Si quieres saber m\u00e1s de m\u00ed puedes comprar mi libro <a href=\"https:\/\/www.amazon.es\/dp\/B0CHT91CS8\">dogma \u00b7 porno revolucionario<\/a> o leer mi <a href=\"https:\/\/deusaperez.com\/index.php\/2023\/08\/09\/cv-literario\/\">CV Literario<\/a>.<\/p>\n<p>&nbsp;<\/p>\n<p>\u00a1Feliz d\u00eda! \ud83d\ude42<\/p>\n<p>&nbsp;<\/p>\n","protected":false},"excerpt":{"rendered":"<p>\u00a1Gracias por venir a leer mi Bio! Nac\u00ed en Vigo en el a\u00f1o 1991. En primer lugar estudi\u00e9 Arte Dram\u00e1tico en la ESAD de Galicia (2011 al 2016). Seguidamente estudi\u00e9 Antropolog\u00eda Social y Cultural en la UNED (2016-2021). Obtuve el C1 de Ingl\u00e9s en la EOI de Alcorc\u00f3n (t\u00edtulo de junio del 2023). &nbsp; Adem\u00e1s&hellip; <br \/> <a class=\"read-more\" href=\"https:\/\/deusaperez.com\/index.php\/bio\/\">Leer m\u00e1s<\/a><\/p>\n","protected":false},"author":1,"featured_media":0,"parent":0,"menu_order":0,"comment_status":"closed","ping_status":"closed","template":"","meta":{"_monsterinsights_skip_tracking":false,"_monsterinsights_sitenote_active":false,"_monsterinsights_sitenote_note":"","_monsterinsights_sitenote_category":0,"footnotes":""},"class_list":["post-85","page","type-page","status-publish","hentry"],"aioseo_notices":[],"_links":{"self":[{"href":"https:\/\/deusaperez.com\/index.php\/wp-json\/wp\/v2\/pages\/85","targetHints":{"allow":["GET"]}}],"collection":[{"href":"https:\/\/deusaperez.com\/index.php\/wp-json\/wp\/v2\/pages"}],"about":[{"href":"https:\/\/deusaperez.com\/index.php\/wp-json\/wp\/v2\/types\/page"}],"author":[{"embeddable":true,"href":"https:\/\/deusaperez.com\/index.php\/wp-json\/wp\/v2\/users\/1"}],"replies":[{"embeddable":true,"href":"https:\/\/deusaperez.com\/index.php\/wp-json\/wp\/v2\/comments?post=85"}],"version-history":[{"count":3,"href":"https:\/\/deusaperez.com\/index.php\/wp-json\/wp\/v2\/pages\/85\/revisions"}],"predecessor-version":[{"id":138,"href":"https:\/\/deusaperez.com\/index.php\/wp-json\/wp\/v2\/pages\/85\/revisions\/138"}],"wp:attachment":[{"href":"https:\/\/deusaperez.com\/index.php\/wp-json\/wp\/v2\/media?parent=85"}],"curies":[{"name":"wp","href":"https:\/\/api.w.org\/{rel}","templated":true}]}}