{"id":11,"date":"2023-07-31T19:04:20","date_gmt":"2023-07-31T19:04:20","guid":{"rendered":"https:\/\/deusaperez.com\/index.php\/mesmerize\/"},"modified":"2023-09-20T14:22:42","modified_gmt":"2023-09-20T14:22:42","slug":"mesmerize","status":"publish","type":"page","link":"https:\/\/deusaperez.com\/index.php\/mesmerize\/","title":{"rendered":"Front Page"},"content":{"rendered":"<div  id=\"overlappable-4\" style=\"background-color: rgb(255, 255, 255); background-image: none;\" data-label=\"Overlappable\" data-id=\"overlappable-4\" data-export-id=\"overlappable-4\" data-category=\"overlappable\" class=\"overlappable-4 content-section content-section-spacing\" data-overlap=\"true\">\n<div  class=\"gridContainer\">\n<div  data-type=\"row\" class=\"row spaced-cols text-center\">\n<div  class=\"col-xs-12 col-sm-4 col-padding\"> <i  class=\"fa icon shadow-large-black aligncenter color1 fa-joomla reverse round large\"><\/i> <\/p>\n<div  data-type=\"column\" class=\"\">\n<h5  class=\"\">Compromiso \u00e9tico<\/h5>\n<p  class=\"\">De contribuir en el fortalecimiento de una cultura basada en el respeto, la honestidad y la integridad<\/p>\n<\/div><\/div>\n<div  class=\"col-xs-12 col-sm-4 col-padding\"> <i  class=\"fa icon shadow-large-black aligncenter color1 fa-gears reverse round large\"><\/i> <\/p>\n<div  data-type=\"column\" class=\"\">\n<h5  class=\"\">Acci\u00f3n concreta&nbsp;<\/h5>\n<p  class=\"\">Guiada por principios, valores, normas y pautas sociales que conducen a un entendimiento y armon\u00eda entre los diferentes acotres sociales<\/p>\n<\/div><\/div>\n<div  class=\"col-xs-12 col-sm-4 col-padding\"> <i  class=\"fa icon shadow-large-black aligncenter color1 fa-anchor reverse round large\"><\/i> <\/p>\n<div  data-type=\"column\" class=\"\">\n<h5  class=\"\">Principio de realidad<\/h5>\n<p  class=\"\">El conflicto y la resoluci\u00f3n del conflicto (fisi\u00f3n y fusi\u00f3n) son dos aspectos b\u00e1sicos de toda relaci\u00f3n social. Es importante entedner que el mismo conflicto engendra la unidad<\/p>\n<\/div><\/div>\n<\/div><\/div>\n<\/div>\n<div  id=\"about-1\" style=\"background-color: #f5fafd;\" data-label=\"About\" data-id=\"about-1\" data-export-id=\"about-1\" data-category=\"about\" class=\"about-1 content-section\">\n<div  class=\"gridContainer\">\n<div  class=\"row text-center\">\n<div  class=\"section-title-col\" data-type=\"column\">\n<h5  class=\"\">LOREM IPSUM DOLOR<\/h5>\n<h2  class=\"\">Brand new WordPress theme&nbsp;<span  href=\"#\" style=\"font-weight: 700; font-family: Playfair Display,sans-serif; font-style: italic;\">with unlimited power<\/span>&nbsp;and customization possibilities<\/h2>\n<p  class=\"lead\">Lorem ipsum dolor sit amet, consectetur adipisicing elit, sed do eiusmod tempor incididunt ut labore et dolore magna aliqua. Ut enim ad minim veniam, quis nostrud.<\/p>\n<\/div><\/div>\n<div  class=\"row\">\n<div  class=\"button-holder space-bottom space-bottom-small\" data-type=\"column\"> <a  class=\"button color1\" href=\"#\">GET STARTED NOW<\/a><\/div>\n<div  class=\"col-xs bottom-xs flexbox image-group-bottom-3-img space-bottom-xs center-xs\"> <img  decoding=\"async\" class=\"left-img shadow-large-black\" data-size=\"500x300\" src=\"https:\/\/deusaperez.com\/wp-content\/plugins\/mesmerize-companion\/theme-data\/mesmerize\/sections\/images\/computer-2569652.jpg\"> <img  decoding=\"async\" class=\"center-img shadow-large-black\" data-size=\"500x300\" src=\"https:\/\/deusaperez.com\/wp-content\/plugins\/mesmerize-companion\/theme-data\/mesmerize\/sections\/images\/apple-1838564.jpg\"> <img  decoding=\"async\" class=\"right-img shadow-large-black\" data-size=\"500x300\" src=\"https:\/\/deusaperez.com\/wp-content\/plugins\/mesmerize-companion\/theme-data\/mesmerize\/sections\/images\/laptop-2559795.jpg\"><\/div>\n<\/p><\/div>\n<\/div><\/div>\n<div  id=\"features-3\" style=\"background-color: #ffffff;\" data-label=\"Features\" data-id=\"features-12-card-bordered\" data-export-id=\"features-12-card-bordered\" data-category=\"features\" class=\"features-12-card-bordered content-section content-section-spacing \">\n<div  class=\"gridContainer\">\n<div  class=\"row text-center\">\n<div  class=\"section-title-col\" data-type=\"column\">\n<h2  class=\"\">A few things we\u2019re great at<\/h2>\n<p  class=\"lead\">Lorem ipsum dolor sit amet, consectetur adipiscing elit, sed do eiusmod tempor incididunt ut labore et dolore magna aliqua. Ut enim ad minim veniam, quis nostrud exercitation.Ut enim ad minim veniam, quis nostrud exercitation.<\/p>\n<\/div><\/div>\n<div  class=\"row spaced-cols\" data-type=\"row\">\n<div  class=\"col-sm-6\">\n<div  class=\"card row-card bordered y-move\">\n<div  class=\"row\">\n<div  class=\"col-sm-fit icon-column\"> <i  class=\"fa icon fa-connectdevelop round bordered color2\"><\/i> <\/div>\n<div  class=\"col-sm\" data-type=\"column\">\n<h5  class=\"color2\">FLEXIBLE CODE<\/h5>\n<p  class=\"\">Lorem ipsum dolor sit amet, consectetur adipiscing elit, sed do eiusmod tempor incididunt ut labore et dolore magna aliqua. Ut enim ad minim veniam, quis nostrud exercitation.<\/p>\n<\/div><\/div>\n<\/div><\/div>\n<div  class=\"col-sm-6\">\n<div  class=\"card row-card bordered y-move\">\n<div  class=\"row\">\n<div  class=\"col-sm-fit icon-column\"> <i  class=\"fa icon fa-codepen round bordered color2\"><\/i> <\/div>\n<div  class=\"col-sm\" data-type=\"column\">\n<h5  class=\"color2\">FLEXIBLE CODE<\/h5>\n<p  class=\"\">Lorem ipsum dolor sit amet, consectetur adipiscing elit, sed do eiusmod tempor incididunt ut labore et dolore magna aliqua. Ut enim ad minim veniam, quis nostrud exercitation.<\/p>\n<\/div><\/div>\n<\/div><\/div>\n<div  class=\"col-sm-6\">\n<div  class=\"card row-card bordered y-move\">\n<div  class=\"row\">\n<div  class=\"col-sm-fit icon-column\"> <i  class=\"fa icon fa-cube round bordered color2\"><\/i> <\/div>\n<div  class=\"col-sm\" data-type=\"column\">\n<h5  class=\"color2\">FLEXIBLE CODE<\/h5>\n<p  class=\"\">Lorem ipsum dolor sit amet, consectetur adipiscing elit, sed do eiusmod tempor incididunt ut labore et dolore magna aliqua. Ut enim ad minim veniam, quis nostrud exercitation.<\/p>\n<\/div><\/div>\n<\/div><\/div>\n<div  class=\"col-sm-6\">\n<div  class=\"card row-card bordered y-move\">\n<div  class=\"row\">\n<div  class=\"col-sm-fit icon-column\"> <i  class=\"fa icon fa-database round bordered color2\"><\/i> <\/div>\n<div  class=\"col-sm\" data-type=\"column\">\n<h5  class=\"color2\">FLEXIBLE CODE<\/h5>\n<p  class=\"\">Lorem ipsum dolor sit amet, consectetur adipiscing elit, sed do eiusmod tempor incididunt ut labore et dolore magna aliqua. Ut enim ad minim veniam, quis nostrud exercitation.<\/p>\n<\/div><\/div>\n<\/div><\/div>\n<\/div><\/div>\n<\/div>\n<div  id=\"content-13\" style=\"background-color: #f5fafd;\" data-label=\"Content\" data-id=\"content-2\" data-export-id=\"content-2\" data-category=\"content\" class=\"content-2 content-section content-section-spacing\">\n<div >\n<div  class=\"row middle-xs\">\n<div  class=\"col-sm-5 bg-image shadow-large-black\" data-bg=\"image\"><\/div>\n<div  class=\"col-sm-7 full-col-left-padding full-col-right-padding\">\n<div  class=\"row\">\n<div  data-type=\"column\" class=\"space-bottom-small content-title-col\">\n<h5  class=\"\">CASE STUDY<\/h5>\n<h2  class=\"\">The Secret of Success<\/h2>\n<p  class=\"\">Lorem ipsum dolor sit amet, consectetur adipisicing elit, sed do eiusmod tempor incididunt ut labore et dolore magna aliqua. Ut enim ad minim veniam, quis nostrud exercitation ullamco laboris nisi ut aliquip ex ea commodo consequat.<\/p>\n<\/div><\/div>\n<div  class=\"row spaced-cols \" data-type=\"row\">\n<div  class=\"col-xs-6\" data-type=\"column\">\n<h5  class=\"\">CAMERA<\/h5>\n<p  class=\"\">Lorem ipsum dolor sit amet, consectetur adipisicing elit.<\/p>\n<\/div>\n<div  class=\"col-xs-6\" data-type=\"column\">\n<h5  class=\"\">MUSIC CENTER<\/h5>\n<p  class=\"\">Lorem ipsum dolor sit amet, consectetur adipisicing elit.<\/p>\n<\/div>\n<div  class=\"col-xs-6\" data-type=\"column\">\n<h5  class=\"\">MESSAGES<\/h5>\n<p  class=\"\">Lorem ipsum dolor sit amet, consectetur adipisicing elit.<\/p>\n<\/div>\n<div  class=\"col-xs-6\" data-type=\"column\">\n<h5  class=\"\">CHANNELS<\/h5>\n<p  class=\"\">Lorem ipsum dolor sit amet, consectetur adipisicing elit.<\/p>\n<\/div><\/div>\n<\/div><\/div>\n<\/div><\/div>\n<div  id=\"content-14\" style=\"background-color: #ffffff;\" data-label=\"Content\" data-id=\"content-3\" data-export-id=\"content-3\" data-category=\"content\" class=\"content-3 content-section content-section-spacing\">\n<div >\n<div  class=\"row middle-xs\">\n<div  class=\"col-sm-7 full-col-left-padding full-col-right-padding\">\n<div  class=\"row\">\n<div  data-type=\"column\" class=\"space-bottom-small content-title-col\">\n<h5  class=\"\">CASE STUDY<\/h5>\n<h2  class=\"\">The Secret of Success<\/h2>\n<p  class=\"\">Lorem ipsum dolor sit amet, consectetur adipisicing elit, sed do eiusmod tempor incididunt ut labore et dolore magna aliqua. Ut enim ad minim veniam, quis nostrud exercitation ullamco laboris nisi ut aliquip ex ea commodo consequat.<\/p>\n<\/div><\/div>\n<div  class=\"row spaced-cols\" data-type=\"row\">\n<div  class=\"col-xs-6\" data-type=\"column\">\n<h5  class=\"\">CAMERA<\/h5>\n<p  class=\"\">Lorem ipsum dolor sit amet, consectetur adipisicing elit.<\/p>\n<\/div>\n<div  class=\"col-xs-6\" data-type=\"column\">\n<h5  class=\"\">MUSIC CENTER<\/h5>\n<p  class=\"\">Lorem ipsum dolor sit amet, consectetur adipisicing elit.<\/p>\n<\/div>\n<div  class=\"col-xs-6\" data-type=\"column\">\n<h5  class=\"\">MESSAGES<\/h5>\n<p  class=\"\">Lorem ipsum dolor sit amet, consectetur adipisicing elit.<\/p>\n<\/div>\n<div  class=\"col-xs-6\" data-type=\"column\">\n<h5  class=\"\">CHANNELS<\/h5>\n<p  class=\"\">Lorem ipsum dolor sit amet, consectetur adipisicing elit.<\/p>\n<\/div><\/div>\n<\/div>\n<div  class=\"col-sm-5 bg-image shadow-large-black revert-classes-holder\" data-bg=\"image\"><\/div>\n<\/div><\/div>\n<\/div>\n<div  id=\"portfolio-3\" style=\"background-color: #f5fafd;\" data-label=\"Portfolio\" data-id=\"portfolio-4\" data-export-id=\"portfolio-4\" data-category=\"portfolio\" class=\"portfolio-4 content-section content-section-spacing-top\">\n<div  class=\"\">\n<div  class=\"row text-center\">\n<div  class=\"section-title-col\" data-type=\"column\">\n<h2  class=\"\">Portfolio<\/h2>\n<p  class=\"lead\">With the Internet spreading linke wildfire and reaching every part of our daily life, more and more traffic is directed to websites in search for information.<\/p>\n<\/div><\/div>\n<div  data-type=\"row\" class=\"row\" data-fixed=\"true\">\n<div  class=\"col-xs-12 col-sm-3 no-gutter-col\">\n<div  class=\"contentswap-effect\" data-hover-fx=\"portfolio-4\">\n<div  class=\"initial-image\"> <img  decoding=\"async\" data-size=\"542x360\" src=\"https:\/\/deusaperez.com\/wp-content\/plugins\/mesmerize-companion\/theme-data\/mesmerize\/sections\/images\/apple-1838564.jpg\"><\/div>\n<div  class=\"overlay bg-color1\"><\/div>\n<div  class=\"swap-inner col-xs-12\">\n<div  class=\"row full-height-row middle-xs middle-sm\">\n<div  class=\"col-xs-12 text-center content-holder\"> <a  href=\"#\"><i  class=\"fa fa-search icon big portfolio-icon\" aria-hidden=\"true\"><\/i><\/a><\/div>\n<\/p><\/div>\n<\/div><\/div>\n<\/div>\n<div  class=\"col-xs-12 col-sm-3 no-gutter-col\">\n<div  class=\"contentswap-effect\" data-hover-fx=\"portfolio-4\">\n<div  class=\"initial-image\"> <img  decoding=\"async\" data-size=\"542x360\" src=\"https:\/\/deusaperez.com\/wp-content\/plugins\/mesmerize-companion\/theme-data\/mesmerize\/sections\/images\/laptop-2559795.jpg\"><\/div>\n<div  class=\"overlay bg-color1\"><\/div>\n<div  class=\"swap-inner col-xs-12\">\n<div  class=\"row full-height-row middle-xs middle-sm\">\n<div  class=\"col-xs-12 text-center content-holder\"> <a  href=\"#\"><i  class=\"fa fa-search icon big portfolio-icon\" aria-hidden=\"true\"><\/i><\/a><\/div>\n<\/p><\/div>\n<\/div><\/div>\n<\/div>\n<div  class=\"col-xs-12 col-sm-3 no-gutter-col\">\n<div  class=\"contentswap-effect\" data-hover-fx=\"portfolio-4\">\n<div  class=\"initial-image\"> <img  decoding=\"async\" data-size=\"542x360\" src=\"https:\/\/deusaperez.com\/wp-content\/plugins\/mesmerize-companion\/theme-data\/mesmerize\/sections\/images\/computer-2569652.jpg\"><\/div>\n<div  class=\"overlay bg-color1\"><\/div>\n<div  class=\"swap-inner col-xs-12\">\n<div  class=\"row full-height-row middle-xs middle-sm\">\n<div  class=\"col-xs-12 text-center content-holder\"> <a  href=\"#\"><i  class=\"fa fa-search icon big portfolio-icon\" aria-hidden=\"true\"><\/i><\/a><\/div>\n<\/p><\/div>\n<\/div><\/div>\n<\/div>\n<div  class=\"col-xs-12 col-sm-3 no-gutter-col\">\n<div  class=\"contentswap-effect\" data-hover-fx=\"portfolio-4\">\n<div  class=\"initial-image\"> <img  decoding=\"async\" data-size=\"542x360\" src=\"https:\/\/deusaperez.com\/wp-content\/plugins\/mesmerize-companion\/theme-data\/mesmerize\/sections\/images\/laptop-2559795.jpg\"><\/div>\n<div  class=\"overlay bg-color1\"><\/div>\n<div  class=\"swap-inner col-xs-12\">\n<div  class=\"row full-height-row middle-xs middle-sm\">\n<div  class=\"col-xs-12 text-center content-holder\"> <a  href=\"#\"><i  class=\"fa fa-search icon big portfolio-icon\" aria-hidden=\"true\"><\/i><\/a><\/div>\n<\/p><\/div>\n<\/div><\/div>\n<\/div>\n<div  class=\"col-xs-12 col-sm-3 no-gutter-col\">\n<div  class=\"contentswap-effect\" data-hover-fx=\"portfolio-4\">\n<div  class=\"initial-image\"> <img  decoding=\"async\" data-size=\"542x360\" src=\"https:\/\/deusaperez.com\/wp-content\/plugins\/mesmerize-companion\/theme-data\/mesmerize\/sections\/images\/apple-1838564.jpg\"><\/div>\n<div  class=\"overlay bg-color1\"><\/div>\n<div  class=\"swap-inner col-xs-12\">\n<div  class=\"row full-height-row middle-xs middle-sm\">\n<div  class=\"col-xs-12 text-center content-holder\"> <a  href=\"#\"><i  class=\"fa fa-search icon big portfolio-icon\" aria-hidden=\"true\"><\/i><\/a><\/div>\n<\/p><\/div>\n<\/div><\/div>\n<\/div>\n<div  class=\"col-xs-12 col-sm-3 no-gutter-col\">\n<div  class=\"contentswap-effect\" data-hover-fx=\"portfolio-4\">\n<div  class=\"initial-image\"> <img  decoding=\"async\" data-size=\"542x360\" src=\"https:\/\/deusaperez.com\/wp-content\/plugins\/mesmerize-companion\/theme-data\/mesmerize\/sections\/images\/computer-2569652.jpg\"><\/div>\n<div  class=\"overlay bg-color1\"><\/div>\n<div  class=\"swap-inner col-xs-12\">\n<div  class=\"row full-height-row middle-xs middle-sm\">\n<div  class=\"col-xs-12 text-center content-holder\"> <a  href=\"#\"><i  class=\"fa fa-search icon big portfolio-icon\" aria-hidden=\"true\"><\/i><\/a><\/div>\n<\/p><\/div>\n<\/div><\/div>\n<\/div>\n<div  class=\"col-xs-12 col-sm-3 no-gutter-col\">\n<div  class=\"contentswap-effect\" data-hover-fx=\"portfolio-4\">\n<div  class=\"initial-image\"> <img  decoding=\"async\" data-size=\"542x360\" src=\"https:\/\/deusaperez.com\/wp-content\/plugins\/mesmerize-companion\/theme-data\/mesmerize\/sections\/images\/apple-1838564.jpg\"><\/div>\n<div  class=\"overlay bg-color1\"><\/div>\n<div  class=\"swap-inner col-xs-12\">\n<div  class=\"row full-height-row middle-xs middle-sm\">\n<div  class=\"col-xs-12 text-center content-holder\"> <a  href=\"#\"><i  class=\"fa fa-search icon big portfolio-icon\" aria-hidden=\"true\"><\/i><\/a><\/div>\n<\/p><\/div>\n<\/div><\/div>\n<\/div>\n<div  class=\"col-xs-12 col-sm-3 no-gutter-col\">\n<div  class=\"contentswap-effect\" data-hover-fx=\"portfolio-4\">\n<div  class=\"initial-image\"> <img  decoding=\"async\" data-size=\"542x360\" src=\"https:\/\/deusaperez.com\/wp-content\/plugins\/mesmerize-companion\/theme-data\/mesmerize\/sections\/images\/laptop-2559795.jpg\"><\/div>\n<div  class=\"overlay bg-color1\"><\/div>\n<div  class=\"swap-inner col-xs-12\">\n<div  class=\"row full-height-row middle-xs middle-sm\">\n<div  class=\"col-xs-12 text-center content-holder\"> <a  href=\"#\"><i  class=\"fa fa-search icon big portfolio-icon\" aria-hidden=\"true\"><\/i><\/a><\/div>\n<\/p><\/div>\n<\/div><\/div>\n<\/div><\/div>\n<\/div><\/div>\n<div  id=\"cta-1\" data-label=\"Cta\" data-id=\"cta-blue-section\" data-export-id=\"cta-blue-section\" data-category=\"cta\" class=\"cta-blue-section content-section content-section-spacing-medium bg-color1 white-text\">\n<div  class=\"gridContainer\">\n<div  class=\"row middle-xs\">\n<div  class=\"col-sm-8 space-bottom-xs\" data-type=\"column\">\n<h2  class=\"\">Join us! <span  class=\"font-300\">It will only take a minute<\/span><\/h2>\n<\/p><\/div>\n<div  class=\"col-sm-4 end-sm\" data-type=\"column\"> <a  class=\"button color2\" href=\"#\">GET STARTED TODAY<\/a><\/div>\n<\/p><\/div>\n<\/div><\/div>\n<div  id=\"latest-news-1\" style=\"background-color: #f5fafd;\" data-label=\"Latest-news\" data-id=\"blog-section\" data-export-id=\"blog-section\" data-category=\"latest_news\" class=\"blog-section blog-section-standard content-section content-section-spacing\">\n<div  class=\"gridContainer\">\n<div  class=\"row\">\n<div  data-type=\"column\" class=\"section-title-col\">\n<h2  class=\"\">\u00daltimas entradas<\/h2>\n<p  class=\"lead\">De la m\u00e1s reciente a la antigua<\/p>\n<\/div><\/div>\n<div  class=\"row\">\n<div  data-type=\"row\" data-dynamic-columns=\"handled\" data-content-shortcode=\"mesmerize_latest_news\">[mesmerize_latest_news]<\/div>\n<\/div>\n<div  class=\"row\">\n<div  class=\"text-center\"> <a  class=\"button color1\" data-attr-shortcode=\"href:mesmerize_blog_link\" href=\"[mesmerize_blog_link]\">SEE ALL BLOG POSTS<\/a><\/div>\n<\/p><\/div>\n<\/div>\n<\/div>\n<div  id=\"contact-1\" data-label=\"Contact\" data-id=\"contact-1\" data-export-id=\"contact-1\" data-category=\"contact\" class=\"contact-1 content-section content-section-spacing white-text\" data-parallax-depth=\"20\">\n<div  class=\"gridContainer\">\n<div  class=\"row text-center\">\n<div  class=\"section-title-col\" data-type=\"column\">\n<h2  class=\"\">Contacto<\/h2>\n<p  class=\"lead\">With the Internet spreading linke wildfire and reaching every part of our daily life, more and more traffic is directed to websites in search for information.<\/p>\n<\/div><\/div>\n<div  class=\"row text-center\">\n<div  class=\"col-xs-12 col-sm-8 col-sm-offset-2 contact-form-wrapper inline-info\">\n<div  class=\"card large-padding\">\n<div  class=\"\" data-content-shortcode=\"mesmerize_contact_form\" data-editable=\"true\">[mesmerize_contact_form]<\/div>\n<\/div><\/div>\n<\/div><\/div>\n<\/div>\n","protected":false},"excerpt":{"rendered":"<p>Compromiso \u00e9tico De contribuir en el fortalecimiento de una cultura basada en el respeto, la honestidad y la integridad Acci\u00f3n concreta&nbsp; Guiada por principios, valores, normas y pautas sociales que conducen a un entendimiento y armon\u00eda entre los diferentes acotres sociales Principio de realidad El conflicto y la resoluci\u00f3n del conflicto (fisi\u00f3n y fusi\u00f3n) son&hellip; <br \/> <a class=\"read-more\" href=\"https:\/\/deusaperez.com\/index.php\/mesmerize\/\">Leer m\u00e1s<\/a><\/p>\n","protected":false},"author":1,"featured_media":0,"parent":0,"menu_order":0,"comment_status":"closed","ping_status":"closed","template":"page-templates\/homepage.php","meta":{"_monsterinsights_skip_tracking":false,"_monsterinsights_sitenote_active":false,"_monsterinsights_sitenote_note":"","_monsterinsights_sitenote_category":0,"footnotes":""},"class_list":["post-11","page","type-page","status-publish","hentry"],"aioseo_notices":[],"_links":{"self":[{"href":"https:\/\/deusaperez.com\/index.php\/wp-json\/wp\/v2\/pages\/11","targetHints":{"allow":["GET"]}}],"collection":[{"href":"https:\/\/deusaperez.com\/index.php\/wp-json\/wp\/v2\/pages"}],"about":[{"href":"https:\/\/deusaperez.com\/index.php\/wp-json\/wp\/v2\/types\/page"}],"author":[{"embeddable":true,"href":"https:\/\/deusaperez.com\/index.php\/wp-json\/wp\/v2\/users\/1"}],"replies":[{"embeddable":true,"href":"https:\/\/deusaperez.com\/index.php\/wp-json\/wp\/v2\/comments?post=11"}],"version-history":[{"count":4,"href":"https:\/\/deusaperez.com\/index.php\/wp-json\/wp\/v2\/pages\/11\/revisions"}],"predecessor-version":[{"id":77,"href":"https:\/\/deusaperez.com\/index.php\/wp-json\/wp\/v2\/pages\/11\/revisions\/77"}],"wp:attachment":[{"href":"https:\/\/deusaperez.com\/index.php\/wp-json\/wp\/v2\/media?parent=11"}],"curies":[{"name":"wp","href":"https:\/\/api.w.org\/{rel}","templated":true}]}}